{"id":4,"date":"2017-08-17T14:37:33","date_gmt":"2017-08-17T14:37:33","guid":{"rendered":"http:\/\/muuvainilla.com\/?page_id=4"},"modified":"2025-03-19T11:12:30","modified_gmt":"2025-03-19T14:12:30","slug":"home","status":"publish","type":"page","link":"https:\/\/www.muuvainilla.com\/en\/","title":{"rendered":"Home"},"content":{"rendered":"<p>It\u00b4s a communication and design agency with one particular aim, making your brand desirable through conceptual, simple and good ideas and graphic work. Providing an integral service, reaching the traditional media, internet and innovations in media.<\/p>","protected":false},"excerpt":{"rendered":"<p>It\u00b4s a communication and design agency with one particular aim,&#8230;<\/p>\n","protected":false},"author":3,"featured_media":306,"parent":0,"menu_order":0,"comment_status":"closed","ping_status":"closed","template":"page-home.php","meta":{"_monsterinsights_skip_tracking":false,"_monsterinsights_sitenote_active":false,"_monsterinsights_sitenote_note":"","_monsterinsights_sitenote_category":0,"footnotes":""},"class_list":["post-4","page","type-page","status-publish","has-post-thumbnail","hentry"],"acf":[],"yoast_head":"<!-- This site is optimized with the Yoast SEO plugin v27.3 - https:\/\/yoast.com\/product\/yoast-seo-wordpress\/ -->\n<title>Muu Vainilla | Agencia de Publicidad - Comunicaci\u00f3n y Dise\u00f1o<\/title>\n<meta name=\"description\" content=\"Muu Vainilla es una agencia de comunicaci\u00f3n y dise\u00f1o especializados en marketing digital y soluciones webs. Te invitamos a conocernos!\" \/>\n<meta name=\"robots\" content=\"index, follow, max-snippet:-1, max-image-preview:large, max-video-preview:-1\" \/>\n<link rel=\"canonical\" href=\"https:\/\/www.muuvainilla.com\/\" \/>\n<meta property=\"og:locale\" content=\"en_US\" \/>\n<meta property=\"og:type\" content=\"article\" \/>\n<meta property=\"og:title\" content=\"Muu Vainilla | Agencia de Publicidad - Comunicaci\u00f3n y Dise\u00f1o\" \/>\n<meta property=\"og:description\" content=\"Muu Vainilla es una agencia de comunicaci\u00f3n y dise\u00f1o especializados en marketing digital y soluciones webs. Te invitamos a conocernos!\" \/>\n<meta property=\"og:url\" content=\"https:\/\/www.muuvainilla.com\/\" \/>\n<meta property=\"og:site_name\" content=\"Muu Vainilla | Agencia de Publicidad\" \/>\n<meta property=\"article:publisher\" content=\"https:\/\/www.facebook.com\/MuuVainilla\" \/>\n<meta property=\"article:modified_time\" content=\"2025-03-19T14:12:30+00:00\" \/>\n<meta property=\"og:image\" content=\"https:\/\/www.muuvainilla.com\/wp-content\/uploads\/2017\/08\/share.jpg\" \/>\n\t<meta property=\"og:image:width\" content=\"1200\" \/>\n\t<meta property=\"og:image:height\" content=\"630\" \/>\n\t<meta property=\"og:image:type\" content=\"image\/jpeg\" \/>\n<meta name=\"twitter:card\" content=\"summary_large_image\" \/>\n<meta name=\"twitter:site\" content=\"@muuvainilla\" \/>\n<meta name=\"twitter:label1\" content=\"Est. reading time\" \/>\n\t<meta name=\"twitter:data1\" content=\"1 minute\" \/>\n<script type=\"application\/ld+json\" class=\"yoast-schema-graph\">{\"@context\":\"https:\\\/\\\/schema.org\",\"@graph\":[{\"@type\":\"WebPage\",\"@id\":\"https:\\\/\\\/www.muuvainilla.com\\\/\",\"url\":\"https:\\\/\\\/www.muuvainilla.com\\\/\",\"name\":\"Muu Vainilla | Agencia de Publicidad - Comunicaci\u00f3n y Dise\u00f1o\",\"isPartOf\":{\"@id\":\"https:\\\/\\\/www.muuvainilla.com\\\/#website\"},\"primaryImageOfPage\":{\"@id\":\"https:\\\/\\\/www.muuvainilla.com\\\/#primaryimage\"},\"image\":{\"@id\":\"https:\\\/\\\/www.muuvainilla.com\\\/#primaryimage\"},\"thumbnailUrl\":\"https:\\\/\\\/www.muuvainilla.com\\\/wp-content\\\/uploads\\\/2017\\\/08\\\/share.jpg\",\"datePublished\":\"2017-08-17T14:37:33+00:00\",\"dateModified\":\"2025-03-19T14:12:30+00:00\",\"description\":\"Muu Vainilla es una agencia de comunicaci\u00f3n y dise\u00f1o especializados en marketing digital y soluciones webs. Te invitamos a conocernos!\",\"breadcrumb\":{\"@id\":\"https:\\\/\\\/www.muuvainilla.com\\\/#breadcrumb\"},\"inLanguage\":\"en-US\",\"potentialAction\":[{\"@type\":\"ReadAction\",\"target\":[\"https:\\\/\\\/www.muuvainilla.com\\\/\"]}]},{\"@type\":\"ImageObject\",\"inLanguage\":\"en-US\",\"@id\":\"https:\\\/\\\/www.muuvainilla.com\\\/#primaryimage\",\"url\":\"https:\\\/\\\/www.muuvainilla.com\\\/wp-content\\\/uploads\\\/2017\\\/08\\\/share.jpg\",\"contentUrl\":\"https:\\\/\\\/www.muuvainilla.com\\\/wp-content\\\/uploads\\\/2017\\\/08\\\/share.jpg\",\"width\":1200,\"height\":630},{\"@type\":\"BreadcrumbList\",\"@id\":\"https:\\\/\\\/www.muuvainilla.com\\\/#breadcrumb\",\"itemListElement\":[{\"@type\":\"ListItem\",\"position\":1,\"name\":\"Portada\",\"item\":\"https:\\\/\\\/www.muuvainilla.com\\\/\"},{\"@type\":\"ListItem\",\"position\":2,\"name\":\"Home\"}]},{\"@type\":\"WebSite\",\"@id\":\"https:\\\/\\\/www.muuvainilla.com\\\/#website\",\"url\":\"https:\\\/\\\/www.muuvainilla.com\\\/\",\"name\":\"Muu Vainilla | Agencia de Publicidad\",\"description\":\"Agencia de Publicidad y Desarrolllo del Uruguaya\",\"publisher\":{\"@id\":\"https:\\\/\\\/www.muuvainilla.com\\\/#organization\"},\"potentialAction\":[{\"@type\":\"SearchAction\",\"target\":{\"@type\":\"EntryPoint\",\"urlTemplate\":\"https:\\\/\\\/www.muuvainilla.com\\\/?s={search_term_string}\"},\"query-input\":{\"@type\":\"PropertyValueSpecification\",\"valueRequired\":true,\"valueName\":\"search_term_string\"}}],\"inLanguage\":\"en-US\"},{\"@type\":\"Organization\",\"@id\":\"https:\\\/\\\/www.muuvainilla.com\\\/#organization\",\"name\":\"Muu Vainilla | Agencia Digital\",\"url\":\"https:\\\/\\\/www.muuvainilla.com\\\/\",\"logo\":{\"@type\":\"ImageObject\",\"inLanguage\":\"en-US\",\"@id\":\"https:\\\/\\\/www.muuvainilla.com\\\/#\\\/schema\\\/logo\\\/image\\\/\",\"url\":\"https:\\\/\\\/www.muuvainilla.com\\\/wp-content\\\/uploads\\\/2017\\\/08\\\/cropped-favicon.png\",\"contentUrl\":\"https:\\\/\\\/www.muuvainilla.com\\\/wp-content\\\/uploads\\\/2017\\\/08\\\/cropped-favicon.png\",\"width\":512,\"height\":512,\"caption\":\"Muu Vainilla | Agencia Digital\"},\"image\":{\"@id\":\"https:\\\/\\\/www.muuvainilla.com\\\/#\\\/schema\\\/logo\\\/image\\\/\"},\"sameAs\":[\"https:\\\/\\\/www.facebook.com\\\/MuuVainilla\",\"https:\\\/\\\/x.com\\\/muuvainilla\",\"https:\\\/\\\/www.instagram.com\\\/muuvainilla\\\/\",\"https:\\\/\\\/www.linkedin.com\\\/company\\\/3224775\\\/\",\"https:\\\/\\\/www.youtube.com\\\/channel\\\/UCLBjmgpNB-lcraY21DA99Hw\"]}]}<\/script>\n<!-- \/ Yoast SEO plugin. -->","yoast_head_json":{"title":"Muu Vainilla | Agencia de Publicidad - Comunicaci\u00f3n y Dise\u00f1o","description":"Muu Vainilla es una agencia de comunicaci\u00f3n y dise\u00f1o especializados en marketing digital y soluciones webs. Te invitamos a conocernos!","robots":{"index":"index","follow":"follow","max-snippet":"max-snippet:-1","max-image-preview":"max-image-preview:large","max-video-preview":"max-video-preview:-1"},"canonical":"https:\/\/www.muuvainilla.com\/","og_locale":"en_US","og_type":"article","og_title":"Muu Vainilla | Agencia de Publicidad - Comunicaci\u00f3n y Dise\u00f1o","og_description":"Muu Vainilla es una agencia de comunicaci\u00f3n y dise\u00f1o especializados en marketing digital y soluciones webs. Te invitamos a conocernos!","og_url":"https:\/\/www.muuvainilla.com\/","og_site_name":"Muu Vainilla | Agencia de Publicidad","article_publisher":"https:\/\/www.facebook.com\/MuuVainilla","article_modified_time":"2025-03-19T14:12:30+00:00","og_image":[{"width":1200,"height":630,"url":"https:\/\/www.muuvainilla.com\/wp-content\/uploads\/2017\/08\/share.jpg","type":"image\/jpeg"}],"twitter_card":"summary_large_image","twitter_site":"@muuvainilla","twitter_misc":{"Est. reading time":"1 minute"},"schema":{"@context":"https:\/\/schema.org","@graph":[{"@type":"WebPage","@id":"https:\/\/www.muuvainilla.com\/","url":"https:\/\/www.muuvainilla.com\/","name":"Muu Vainilla | Agencia de Publicidad - Comunicaci\u00f3n y Dise\u00f1o","isPartOf":{"@id":"https:\/\/www.muuvainilla.com\/#website"},"primaryImageOfPage":{"@id":"https:\/\/www.muuvainilla.com\/#primaryimage"},"image":{"@id":"https:\/\/www.muuvainilla.com\/#primaryimage"},"thumbnailUrl":"https:\/\/www.muuvainilla.com\/wp-content\/uploads\/2017\/08\/share.jpg","datePublished":"2017-08-17T14:37:33+00:00","dateModified":"2025-03-19T14:12:30+00:00","description":"Muu Vainilla es una agencia de comunicaci\u00f3n y dise\u00f1o especializados en marketing digital y soluciones webs. Te invitamos a conocernos!","breadcrumb":{"@id":"https:\/\/www.muuvainilla.com\/#breadcrumb"},"inLanguage":"en-US","potentialAction":[{"@type":"ReadAction","target":["https:\/\/www.muuvainilla.com\/"]}]},{"@type":"ImageObject","inLanguage":"en-US","@id":"https:\/\/www.muuvainilla.com\/#primaryimage","url":"https:\/\/www.muuvainilla.com\/wp-content\/uploads\/2017\/08\/share.jpg","contentUrl":"https:\/\/www.muuvainilla.com\/wp-content\/uploads\/2017\/08\/share.jpg","width":1200,"height":630},{"@type":"BreadcrumbList","@id":"https:\/\/www.muuvainilla.com\/#breadcrumb","itemListElement":[{"@type":"ListItem","position":1,"name":"Portada","item":"https:\/\/www.muuvainilla.com\/"},{"@type":"ListItem","position":2,"name":"Home"}]},{"@type":"WebSite","@id":"https:\/\/www.muuvainilla.com\/#website","url":"https:\/\/www.muuvainilla.com\/","name":"Muu Vainilla | Agencia de Publicidad","description":"Agencia de Publicidad y Desarrolllo del Uruguaya","publisher":{"@id":"https:\/\/www.muuvainilla.com\/#organization"},"potentialAction":[{"@type":"SearchAction","target":{"@type":"EntryPoint","urlTemplate":"https:\/\/www.muuvainilla.com\/?s={search_term_string}"},"query-input":{"@type":"PropertyValueSpecification","valueRequired":true,"valueName":"search_term_string"}}],"inLanguage":"en-US"},{"@type":"Organization","@id":"https:\/\/www.muuvainilla.com\/#organization","name":"Muu Vainilla | Agencia Digital","url":"https:\/\/www.muuvainilla.com\/","logo":{"@type":"ImageObject","inLanguage":"en-US","@id":"https:\/\/www.muuvainilla.com\/#\/schema\/logo\/image\/","url":"https:\/\/www.muuvainilla.com\/wp-content\/uploads\/2017\/08\/cropped-favicon.png","contentUrl":"https:\/\/www.muuvainilla.com\/wp-content\/uploads\/2017\/08\/cropped-favicon.png","width":512,"height":512,"caption":"Muu Vainilla | Agencia Digital"},"image":{"@id":"https:\/\/www.muuvainilla.com\/#\/schema\/logo\/image\/"},"sameAs":["https:\/\/www.facebook.com\/MuuVainilla","https:\/\/x.com\/muuvainilla","https:\/\/www.instagram.com\/muuvainilla\/","https:\/\/www.linkedin.com\/company\/3224775\/","https:\/\/www.youtube.com\/channel\/UCLBjmgpNB-lcraY21DA99Hw"]}]}},"_links":{"self":[{"href":"https:\/\/www.muuvainilla.com\/en\/wp-json\/wp\/v2\/pages\/4","targetHints":{"allow":["GET"]}}],"collection":[{"href":"https:\/\/www.muuvainilla.com\/en\/wp-json\/wp\/v2\/pages"}],"about":[{"href":"https:\/\/www.muuvainilla.com\/en\/wp-json\/wp\/v2\/types\/page"}],"author":[{"embeddable":true,"href":"https:\/\/www.muuvainilla.com\/en\/wp-json\/wp\/v2\/users\/3"}],"replies":[{"embeddable":true,"href":"https:\/\/www.muuvainilla.com\/en\/wp-json\/wp\/v2\/comments?post=4"}],"version-history":[{"count":9,"href":"https:\/\/www.muuvainilla.com\/en\/wp-json\/wp\/v2\/pages\/4\/revisions"}],"predecessor-version":[{"id":752,"href":"https:\/\/www.muuvainilla.com\/en\/wp-json\/wp\/v2\/pages\/4\/revisions\/752"}],"wp:featuredmedia":[{"embeddable":true,"href":"https:\/\/www.muuvainilla.com\/en\/wp-json\/wp\/v2\/media\/306"}],"wp:attachment":[{"href":"https:\/\/www.muuvainilla.com\/en\/wp-json\/wp\/v2\/media?parent=4"}],"curies":[{"name":"wp","href":"https:\/\/api.w.org\/{rel}","templated":true}]}}